{"id":7318,"date":"2023-09-12T13:11:10","date_gmt":"2023-09-12T16:11:10","guid":{"rendered":"https:\/\/carbonactivo.cl\/index.php\/carrito\/"},"modified":"2025-07-30T00:08:21","modified_gmt":"2025-07-30T03:08:21","slug":"carrito","status":"publish","type":"page","link":"https:\/\/carbonactivo.cl\/index.php\/carrito\/","title":{"rendered":"Carrito"},"content":{"rendered":"\t\t<div data-elementor-type=\"wp-page\" data-elementor-id=\"7318\" class=\"elementor elementor-7318\" data-elementor-post-type=\"page\">\n\t\t\t\t\t\t<section class=\"elementor-section elementor-top-section elementor-element elementor-element-08f1cb2 elementor-section-boxed elementor-section-height-default elementor-section-height-default\" data-id=\"08f1cb2\" data-element_type=\"section\">\n\t\t\t\t\t\t<div class=\"elementor-container elementor-column-gap-default\">\n\t\t\t\t\t<div class=\"elementor-column elementor-col-100 elementor-top-column elementor-element elementor-element-d9ada23\" data-id=\"d9ada23\" data-element_type=\"column\">\n\t\t\t<div class=\"elementor-widget-wrap elementor-element-populated\">\n\t\t\t\t\t\t<div class=\"elementor-element elementor-element-062e73e elementor-hidden-mobile elementor-widget elementor-widget-image\" data-id=\"062e73e\" data-element_type=\"widget\" data-widget_type=\"image.default\">\n\t\t\t\t<div class=\"elementor-widget-container\">\n\t\t\t\t\t\t\t\t\t\t\t\t\t\t\t<img decoding=\"async\" src=\"https:\/\/carbonactivo.cl\/wp-content\/uploads\/2024\/10\/BANNER_MEDESTUK_BANNER_CARRITO-1-scaled.jpg\" title=\"\" alt=\"\" loading=\"lazy\" \/>\t\t\t\t\t\t\t\t\t\t\t\t\t\t\t<\/div>\n\t\t\t\t<\/div>\n\t\t\t\t<div class=\"elementor-element elementor-element-bd3dc2c elementor-hidden-desktop elementor-hidden-tablet elementor-widget elementor-widget-image\" data-id=\"bd3dc2c\" data-element_type=\"widget\" data-widget_type=\"image.default\">\n\t\t\t\t<div class=\"elementor-widget-container\">\n\t\t\t\t\t\t\t\t\t\t\t\t\t\t\t<img decoding=\"async\" src=\"https:\/\/carbonactivo.cl\/wp-content\/uploads\/2024\/10\/BANNER_MEDESTUK_MOVIL_CARRITO.jpg\" title=\"\" alt=\"\" loading=\"lazy\" \/>\t\t\t\t\t\t\t\t\t\t\t\t\t\t\t<\/div>\n\t\t\t\t<\/div>\n\t\t\t\t\t<\/div>\n\t\t<\/div>\n\t\t\t\t\t<\/div>\n\t\t<\/section>\n\t\t\t\t<section class=\"elementor-section elementor-top-section elementor-element elementor-element-1065d726 elementor-section-boxed elementor-section-height-default elementor-section-height-default\" data-id=\"1065d726\" data-element_type=\"section\">\n\t\t\t\t\t\t<div class=\"elementor-container elementor-column-gap-default\">\n\t\t\t\t\t<div class=\"elementor-column elementor-col-100 elementor-top-column elementor-element elementor-element-2b4f919c\" data-id=\"2b4f919c\" data-element_type=\"column\">\n\t\t\t<div class=\"elementor-widget-wrap elementor-element-populated\">\n\t\t\t\t\t\t<div class=\"elementor-element elementor-element-34b16e23 elementor-icon-list--layout-inline elementor-align-left elementor-mobile-align-center elementor-list-item-link-full_width elementor-widget elementor-widget-icon-list\" data-id=\"34b16e23\" data-element_type=\"widget\" data-widget_type=\"icon-list.default\">\n\t\t\t\t<div class=\"elementor-widget-container\">\n\t\t\t\t\t\t\t<ul class=\"elementor-icon-list-items elementor-inline-items\">\n\t\t\t\t\t\t\t<li class=\"elementor-icon-list-item elementor-inline-item\">\n\t\t\t\t\t\t\t\t\t\t\t<a href=\"https:\/\/carbonactivo.cl\/index.php\/tienda\/\">\n\n\t\t\t\t\t\t\t\t\t\t\t\t<span class=\"elementor-icon-list-icon\">\n\t\t\t\t\t\t\t<svg aria-hidden=\"true\" class=\"e-font-icon-svg e-fas-chevron-left\" viewBox=\"0 0 320 512\" xmlns=\"http:\/\/www.w3.org\/2000\/svg\"><path d=\"M34.52 239.03L228.87 44.69c9.37-9.37 24.57-9.37 33.94 0l22.67 22.67c9.36 9.36 9.37 24.52.04 33.9L131.49 256l154.02 154.75c9.34 9.38 9.32 24.54-.04 33.9l-22.67 22.67c-9.37 9.37-24.57 9.37-33.94 0L34.52 272.97c-9.37-9.37-9.37-24.57 0-33.94z\"><\/path><\/svg>\t\t\t\t\t\t<\/span>\n\t\t\t\t\t\t\t\t\t\t<span class=\"elementor-icon-list-text\">VOLVER A LA TIENDA<\/span>\n\t\t\t\t\t\t\t\t\t\t\t<\/a>\n\t\t\t\t\t\t\t\t\t<\/li>\n\t\t\t\t\t\t<\/ul>\n\t\t\t\t\t\t<\/div>\n\t\t\t\t<\/div>\n\t\t\t\t\t<\/div>\n\t\t<\/div>\n\t\t\t\t\t<\/div>\n\t\t<\/section>\n\t\t\t\t<\/div>\n\t\t","protected":false},"excerpt":{"rendered":"<p>Eliminar art\u00edculo Imagen en miniatura Producto Precio Cantidad Subtotal Odorcarb [25kg] pellet 4mm impregnado &#36;75.000 Odorcarb [25kg] pellet 4mm impregnado cantidad &#36;75.000 Actualizar Carrito Total del Pedido Subtotal &#36;75.000 Env\u00edo Calcular env\u00edo Pa\u00eds o regi\u00f3n: Selecciona un pa\u00eds\/regi\u00f3n&hellip;Chile Regi\u00f3n \/ Provincia: Ciudad: C\u00f3digo postal: Actualizar Total &#36;75.000 Completar la Compra VOLVER A LA TIENDA<\/p>\n","protected":false},"author":1,"featured_media":0,"parent":0,"menu_order":0,"comment_status":"closed","ping_status":"closed","template":"elementor_header_footer","meta":{"_acf_changed":false,"site-sidebar-layout":"default","site-content-layout":"","ast-site-content-layout":"default","site-content-style":"default","site-sidebar-style":"default","ast-global-header-display":"","ast-banner-title-visibility":"","ast-main-header-display":"","ast-hfb-above-header-display":"","ast-hfb-below-header-display":"","ast-hfb-mobile-header-display":"","site-post-title":"","ast-breadcrumbs-content":"","ast-featured-img":"","footer-sml-layout":"","theme-transparent-header-meta":"","adv-header-id-meta":"","stick-header-meta":"","header-above-stick-meta":"","header-main-stick-meta":"","header-below-stick-meta":"","astra-migrate-meta-layouts":"set","ast-page-background-enabled":"default","ast-page-background-meta":{"desktop":{"background-color":"","background-image":"","background-repeat":"repeat","background-position":"center center","background-size":"auto","background-attachment":"scroll","background-type":"","background-media":"","overlay-type":"","overlay-color":"","overlay-opacity":"","overlay-gradient":""},"tablet":{"background-color":"","background-image":"","background-repeat":"repeat","background-position":"center center","background-size":"auto","background-attachment":"scroll","background-type":"","background-media":"","overlay-type":"","overlay-color":"","overlay-opacity":"","overlay-gradient":""},"mobile":{"background-color":"","background-image":"","background-repeat":"repeat","background-position":"center center","background-size":"auto","background-attachment":"scroll","background-type":"","background-media":"","overlay-type":"","overlay-color":"","overlay-opacity":"","overlay-gradient":""}},"ast-content-background-meta":{"desktop":{"background-color":"var(--ast-global-color-5)","background-image":"","background-repeat":"repeat","background-position":"center center","background-size":"auto","background-attachment":"scroll","background-type":"","background-media":"","overlay-type":"","overlay-color":"","overlay-opacity":"","overlay-gradient":""},"tablet":{"background-color":"var(--ast-global-color-5)","background-image":"","background-repeat":"repeat","background-position":"center center","background-size":"auto","background-attachment":"scroll","background-type":"","background-media":"","overlay-type":"","overlay-color":"","overlay-opacity":"","overlay-gradient":""},"mobile":{"background-color":"var(--ast-global-color-5)","background-image":"","background-repeat":"repeat","background-position":"center center","background-size":"auto","background-attachment":"scroll","background-type":"","background-media":"","overlay-type":"","overlay-color":"","overlay-opacity":"","overlay-gradient":""}},"footnotes":""},"class_list":["post-7318","page","type-page","status-publish","hentry"],"acf":[],"aioseo_notices":[],"yoast_head":"<!-- This site is optimized with the Yoast SEO plugin v23.0 - https:\/\/yoast.com\/wordpress\/plugins\/seo\/ -->\n<title>Carrito - CarbonActivo.cl<\/title>\n<meta name=\"robots\" content=\"noindex, nofollow\" \/>\n<meta property=\"og:locale\" content=\"es_ES\" \/>\n<meta property=\"og:type\" content=\"article\" \/>\n<meta property=\"og:title\" content=\"Carrito - CarbonActivo.cl\" \/>\n<meta property=\"og:description\" content=\"Eliminar art\u00edculo Imagen en miniatura Producto Precio Cantidad Subtotal Odorcarb [25kg] pellet 4mm impregnado &#036;75.000 Odorcarb [25kg] pellet 4mm impregnado cantidad &#036;75.000 Actualizar Carrito Total del Pedido Subtotal &#036;75.000 Env\u00edo Calcular env\u00edo Pa\u00eds o regi\u00f3n: Selecciona un pa\u00eds\/regi\u00f3n&hellip;Chile Regi\u00f3n \/ Provincia: Ciudad: C\u00f3digo postal: Actualizar Total &#036;75.000 Completar la Compra VOLVER A LA TIENDA\" \/>\n<meta property=\"og:url\" content=\"https:\/\/carbonactivo.cl\/index.php\/carrito\/\" \/>\n<meta property=\"og:site_name\" content=\"CarbonActivo.cl\" \/>\n<meta property=\"article:modified_time\" content=\"2025-07-30T03:08:21+00:00\" \/>\n<meta property=\"og:image\" content=\"https:\/\/carbonactivo.cl\/wp-content\/uploads\/2024\/10\/BANNER_MEDESTUK_BANNER_CARRITO-1-scaled.jpg\" \/>\n<meta name=\"twitter:card\" content=\"summary_large_image\" \/>\n<meta name=\"twitter:label1\" content=\"Tiempo de lectura\" \/>\n\t<meta name=\"twitter:data1\" content=\"1 minuto\" \/>\n<script type=\"application\/ld+json\" class=\"yoast-schema-graph\">{\"@context\":\"https:\/\/schema.org\",\"@graph\":[{\"@type\":\"WebPage\",\"@id\":\"https:\/\/carbonactivo.cl\/index.php\/carrito\/\",\"url\":\"https:\/\/carbonactivo.cl\/index.php\/carrito\/\",\"name\":\"Carrito - CarbonActivo.cl\",\"isPartOf\":{\"@id\":\"https:\/\/carbonactivo.cl\/#website\"},\"primaryImageOfPage\":{\"@id\":\"https:\/\/carbonactivo.cl\/index.php\/carrito\/#primaryimage\"},\"image\":{\"@id\":\"https:\/\/carbonactivo.cl\/index.php\/carrito\/#primaryimage\"},\"thumbnailUrl\":\"https:\/\/carbonactivo.cl\/wp-content\/uploads\/2024\/10\/BANNER_MEDESTUK_BANNER_CARRITO-1-scaled.jpg\",\"datePublished\":\"2023-09-12T16:11:10+00:00\",\"dateModified\":\"2025-07-30T03:08:21+00:00\",\"breadcrumb\":{\"@id\":\"https:\/\/carbonactivo.cl\/index.php\/carrito\/#breadcrumb\"},\"inLanguage\":\"es\",\"potentialAction\":[{\"@type\":\"ReadAction\",\"target\":[\"https:\/\/carbonactivo.cl\/index.php\/carrito\/\"]}]},{\"@type\":\"ImageObject\",\"inLanguage\":\"es\",\"@id\":\"https:\/\/carbonactivo.cl\/index.php\/carrito\/#primaryimage\",\"url\":\"https:\/\/carbonactivo.cl\/wp-content\/uploads\/2024\/10\/BANNER_MEDESTUK_BANNER_CARRITO-1-scaled.jpg\",\"contentUrl\":\"https:\/\/carbonactivo.cl\/wp-content\/uploads\/2024\/10\/BANNER_MEDESTUK_BANNER_CARRITO-1-scaled.jpg\"},{\"@type\":\"BreadcrumbList\",\"@id\":\"https:\/\/carbonactivo.cl\/index.php\/carrito\/#breadcrumb\",\"itemListElement\":[{\"@type\":\"ListItem\",\"position\":1,\"name\":\"Portada\",\"item\":\"https:\/\/carbonactivo.cl\/\"},{\"@type\":\"ListItem\",\"position\":2,\"name\":\"Carrito\"}]},{\"@type\":\"WebSite\",\"@id\":\"https:\/\/carbonactivo.cl\/#website\",\"url\":\"https:\/\/carbonactivo.cl\/\",\"name\":\"CarbonActivo.cl\",\"description\":\"Carb\u00f3n Activado de alta calidad para filtraci\u00f3n industrial\",\"potentialAction\":[{\"@type\":\"SearchAction\",\"target\":{\"@type\":\"EntryPoint\",\"urlTemplate\":\"https:\/\/carbonactivo.cl\/?s={search_term_string}\"},\"query-input\":\"required name=search_term_string\"}],\"inLanguage\":\"es\"}]}<\/script>\n<!-- \/ Yoast SEO plugin. -->","yoast_head_json":{"title":"Carrito - CarbonActivo.cl","robots":{"index":"noindex","follow":"nofollow"},"og_locale":"es_ES","og_type":"article","og_title":"Carrito - CarbonActivo.cl","og_description":"Eliminar art\u00edculo Imagen en miniatura Producto Precio Cantidad Subtotal Odorcarb [25kg] pellet 4mm impregnado &#36;75.000 Odorcarb [25kg] pellet 4mm impregnado cantidad &#36;75.000 Actualizar Carrito Total del Pedido Subtotal &#36;75.000 Env\u00edo Calcular env\u00edo Pa\u00eds o regi\u00f3n: Selecciona un pa\u00eds\/regi\u00f3n&hellip;Chile Regi\u00f3n \/ Provincia: Ciudad: C\u00f3digo postal: Actualizar Total &#36;75.000 Completar la Compra VOLVER A LA TIENDA","og_url":"https:\/\/carbonactivo.cl\/index.php\/carrito\/","og_site_name":"CarbonActivo.cl","article_modified_time":"2025-07-30T03:08:21+00:00","og_image":[{"url":"https:\/\/carbonactivo.cl\/wp-content\/uploads\/2024\/10\/BANNER_MEDESTUK_BANNER_CARRITO-1-scaled.jpg"}],"twitter_card":"summary_large_image","twitter_misc":{"Tiempo de lectura":"1 minuto"},"schema":{"@context":"https:\/\/schema.org","@graph":[{"@type":"WebPage","@id":"https:\/\/carbonactivo.cl\/index.php\/carrito\/","url":"https:\/\/carbonactivo.cl\/index.php\/carrito\/","name":"Carrito - CarbonActivo.cl","isPartOf":{"@id":"https:\/\/carbonactivo.cl\/#website"},"primaryImageOfPage":{"@id":"https:\/\/carbonactivo.cl\/index.php\/carrito\/#primaryimage"},"image":{"@id":"https:\/\/carbonactivo.cl\/index.php\/carrito\/#primaryimage"},"thumbnailUrl":"https:\/\/carbonactivo.cl\/wp-content\/uploads\/2024\/10\/BANNER_MEDESTUK_BANNER_CARRITO-1-scaled.jpg","datePublished":"2023-09-12T16:11:10+00:00","dateModified":"2025-07-30T03:08:21+00:00","breadcrumb":{"@id":"https:\/\/carbonactivo.cl\/index.php\/carrito\/#breadcrumb"},"inLanguage":"es","potentialAction":[{"@type":"ReadAction","target":["https:\/\/carbonactivo.cl\/index.php\/carrito\/"]}]},{"@type":"ImageObject","inLanguage":"es","@id":"https:\/\/carbonactivo.cl\/index.php\/carrito\/#primaryimage","url":"https:\/\/carbonactivo.cl\/wp-content\/uploads\/2024\/10\/BANNER_MEDESTUK_BANNER_CARRITO-1-scaled.jpg","contentUrl":"https:\/\/carbonactivo.cl\/wp-content\/uploads\/2024\/10\/BANNER_MEDESTUK_BANNER_CARRITO-1-scaled.jpg"},{"@type":"BreadcrumbList","@id":"https:\/\/carbonactivo.cl\/index.php\/carrito\/#breadcrumb","itemListElement":[{"@type":"ListItem","position":1,"name":"Portada","item":"https:\/\/carbonactivo.cl\/"},{"@type":"ListItem","position":2,"name":"Carrito"}]},{"@type":"WebSite","@id":"https:\/\/carbonactivo.cl\/#website","url":"https:\/\/carbonactivo.cl\/","name":"CarbonActivo.cl","description":"Carb\u00f3n Activado de alta calidad para filtraci\u00f3n industrial","potentialAction":[{"@type":"SearchAction","target":{"@type":"EntryPoint","urlTemplate":"https:\/\/carbonactivo.cl\/?s={search_term_string}"},"query-input":"required name=search_term_string"}],"inLanguage":"es"}]}},"_links":{"self":[{"href":"https:\/\/carbonactivo.cl\/index.php\/wp-json\/wp\/v2\/pages\/7318","targetHints":{"allow":["GET"]}}],"collection":[{"href":"https:\/\/carbonactivo.cl\/index.php\/wp-json\/wp\/v2\/pages"}],"about":[{"href":"https:\/\/carbonactivo.cl\/index.php\/wp-json\/wp\/v2\/types\/page"}],"author":[{"embeddable":true,"href":"https:\/\/carbonactivo.cl\/index.php\/wp-json\/wp\/v2\/users\/1"}],"replies":[{"embeddable":true,"href":"https:\/\/carbonactivo.cl\/index.php\/wp-json\/wp\/v2\/comments?post=7318"}],"version-history":[{"count":19,"href":"https:\/\/carbonactivo.cl\/index.php\/wp-json\/wp\/v2\/pages\/7318\/revisions"}],"predecessor-version":[{"id":12013,"href":"https:\/\/carbonactivo.cl\/index.php\/wp-json\/wp\/v2\/pages\/7318\/revisions\/12013"}],"wp:attachment":[{"href":"https:\/\/carbonactivo.cl\/index.php\/wp-json\/wp\/v2\/media?parent=7318"}],"curies":[{"name":"wp","href":"https:\/\/api.w.org\/{rel}","templated":true}]}}